{"id":26,"date":"2025-03-24T11:53:13","date_gmt":"2025-03-24T10:53:13","guid":{"rendered":"https:\/\/hermann.saitz.online\/?page_id=26"},"modified":"2025-03-24T12:08:17","modified_gmt":"2025-03-24T11:08:17","slug":"hermann-h-saitz-prof-dr-ing-habil","status":"publish","type":"page","link":"https:\/\/hermann.saitz.online\/","title":{"rendered":"Hermann H. Saitz, Prof. Dr.-Ing. habil."},"content":{"rendered":"\n<div style=\"height:100px\" aria-hidden=\"true\" class=\"wp-block-spacer\"><\/div>\n\n\n\n<h2 class=\"wp-block-heading alignwide\">Lebenslauf<\/h2>\n\n\n\n<div class=\"wp-block-columns is-layout-flex wp-container-core-columns-is-layout-28f84493 wp-block-columns-is-layout-flex\">\n<div class=\"wp-block-column is-layout-flow wp-block-column-is-layout-flow\" style=\"flex-basis:80%\">\n<ul class=\"wp-block-list\">\n<li>1936, 09.10. geb. in Erfurt, verheiratet, zwei Kinder.<\/li>\n\n\n\n<li>1942 \u2013 1954 Schulbildung, Abitur an der Heinrich-Mann-Oberschule, vormals \u201e Zur Himmelspforte\u201c,&nbsp; Erfurt.<\/li>\n\n\n\n<li>1954\/55 Maurerlehre im VEB Bau-Union Erfurt. 1955 Gesellenpr\u00fcfung.<\/li>\n\n\n\n<li>1955 \u2013 1961&nbsp; Studium an der Hochschule f\u00fcr Bauwesen Cottbus, Fachrichtung \u201eTechnische Stadtplanung und st\u00e4dtischer Ingenieurbau\u201c.&nbsp;&nbsp; Akademische Lehrer u.a. Otto Rindt (Landschaftsplanung), Prof. Theodor Musterle (Wasserbau), Prof. Franz Reuter (RegionalPlanung), Rudolf Skoda (Architektur), Prof.Herbert Kunath (Verkehrsplanung), Prof.Hubert Grenzer (St\u00e4dtebau), Theo Zollna (St\u00e4dtebau- und Architekturgeschichte).<\/li>\n\n\n\n<li>1957\/58 Ganzsemestriges Praktikum u.a. bei Prof.Hermann Henselmann (Berlin)<\/li>\n\n\n\n<li>1961 Dipl.-Ing. mit \u201eSehr gut\u201c (Diplomarbeit \u201eFlughafen Rostock-NeuRoggentin\u201c).<\/li>\n<\/ul>\n<\/div>\n\n\n\n<div class=\"wp-block-column is-layout-flow wp-block-column-is-layout-flow\" style=\"flex-basis:20%\">\n<figure class=\"wp-block-image size-full is-resized\"><img loading=\"lazy\" decoding=\"async\" width=\"200\" height=\"300\" src=\"https:\/\/hermann.saitz.online\/wp-content\/uploads\/2025\/03\/hermann-1-1.webp\" alt=\"\" class=\"wp-image-30\" style=\"width:278px;height:auto\"\/><\/figure>\n<\/div>\n<\/div>\n\n\n\n<ul class=\"wp-block-list\">\n<li>1961 \u2013 1964&nbsp; Infrastrukturplaner im Entwurfsb\u00fcro f.Gebiets-, Stadt- und Dorfplanung des Bezirkes Rostock, Brigade Stralsund. Erster Generalverkehrsplan (Greifswald).<\/li>\n\n\n\n<li>1965 \u2013 1967 Wissenschaftlicher Assistent an der Hochschule f\u00fcr Architektur und Bauwesen Weimar, Lehrstuhl Verkehrsbau und Verkehrsplanung, Prof. Herbert Kunath.<\/li>\n\n\n\n<li>1967 \u2013 1990&nbsp; Leiter des B\u00fcros f\u00fcr Verkehrsplanung in der Stadtdirektion Stra\u00dfenwesen Erfurt. Generalverkehrspl\u00e4ne der Stadt Erfurt. Planungen f\u00fcr wichtige Infrastrukturma\u00dfnahmen, wie Knoten Schmidtstedter Br\u00fccke, Juri-Gagarin-Ring, Neue B 4, Fu\u00dfg\u00e4ngerbereich Anger, Stra\u00dfenbahnverl\u00e4ngerungen nach Norden und S\u00fcdosten, &nbsp;erste&nbsp;&nbsp; Schnellstra\u00dfenbahnkonzeption in der DDR, erstes mikroelektronikbasiertes Leitsystem f\u00fcr die Schnellstra\u00dfenbahn, System Parken&amp;Pendeln, erstes Parkleitsystem, erste Konzeption und Umsetzung einer fl\u00e4chendeckenden Verkehrsberuhigung. Mitinitiator des \u201eSystem repr\u00e4sentativer Verkehrsbefragungen \u2013 SrV\u201c in der DDR (mit K.Ackermann, G.F\u00f6rschner, W.Siemers). Bronzene, Silberne und Goldene Ehrennadel der Kammer der Technik.<\/li>\n\n\n\n<li>1967 Promotion A zum Dr.-Ing. an der HAB Weimar zum Thema \u201eProbleme des Fahrradverkehrs in der DDR\u201c<\/li>\n\n\n\n<li>1970 facultas docendi<\/li>\n\n\n\n<li>1971 Promotion B zum Dr.sc.techn. (1990 evaluiert zum Dr.-Ing.habil.) an der HAB&nbsp;Weimar zum Thema \u201eDie Auswirkungen der Standortverteilung von Wohn- und Arbeitsst\u00e4tten einer Stadt auf das Teilsystem&nbsp; des Stra\u00dfenverkehrs, gezeigt am Beispiel der Bezirksstadt Erfurt\u201c<\/li>\n\n\n\n<li>1964 \u2013 1994&nbsp; 84 wissenschaftliche Ver\u00f6ffentlichungen, zahlreiche Vortr\u00e4ge und Vorlesungen. 13 Gutachten in Promotionsverfahren A (bzw. Dr.-Ing.). &nbsp;Zahlreiche andere Gutachten und Mitwirkung an Expertisen.<\/li>\n\n\n\n<li>1976 Auszeichnung als \u201eVerdienter Werkt\u00e4tiger des Verkehrswesens der DDR\u201c f\u00fcr die Planung des Verkehrsknotens Schmidtstedter Br\u00fccke und die Generalverkehrsplanung Erfurt.<\/li>\n\n\n\n<li>1978 Wiederaufbau des \u00d6PNV in Luanda\/Angola.<\/li>\n\n\n\n<li>1979 \u201eStadt und Verkehr\u201c, transpress-Verlag Berlin, Auflage 9 850 Expl.<\/li>\n\n\n\n<li>1983 \u201eDer Verkehr der gro\u00dfen St\u00e4dte\u201c, transpress-Verlag Berlin, Auflage 9832 Expl.<\/li>\n\n\n\n<li>1987 Berufung in die International Association of Traffic and Traffic Sciences Tokyo&nbsp;&nbsp;(IATSS)&nbsp; und Mitglied der Redaktion von IATSS-Research Tokyo (bis 2009).<\/li>\n\n\n\n<li>1987 \u201eFriedrich-List-Plakette\u201c der Hochschule f\u00fcr Verkehrswesen Dresden.<\/li>\n\n\n\n<li>1988 \u201eTunnel der Welt\u201c, transpress-Verlag Berlin, Auflage 13 349 Expl. Ferner Mitautor von \u201eMetros der Welt\u201c (1985, 1992), \u201eHandbuch St\u00e4dtischer Verkehr\u201c (1974), \u201eLexikon Stadtverkehr\u201c (1985, 1991), \u201eDen Wandel zeigen\u201c (2009).<\/li>\n\n\n\n<li>1990 Wahl zum Beigeordneten der Bauverwaltung (Stadtbaurat), bis 1994 im Amt.&nbsp;Neuaufbau der Bauverwaltung der Landeshauptstadt Erfurt, Notsicherung&nbsp;und Sanierungsbeginn der verfallenden Altstadt.&nbsp; &nbsp;Umfassende st\u00e4dtebauliche&nbsp;Konzepte auf der Grundlage des neuen Bau- und Planungsrechts (BauGB\/BauNVo).<\/li>\n\n\n\n<li>1991 Wahl als Ordentliches Mitglied der Deutschen Akademie f\u00fcr St\u00e4dtebau und Landesplanung (DASL)(Erstes Mitglied aus den neuen Bundesl\u00e4ndern).<\/li>\n\n\n\n<li>2002 -2006 &nbsp;&nbsp;Vorsitzer der Landesgruppe Sachsen\/ Sachsen-A.\/Th\u00fcringen und Mitglied des Pr\u00e4sidiums der DASL. Auch Mitglied des Bauausschusses des Deutschen St\u00e4dtetages (bis 1994) sowie Vorstandsmitglied der Forschungsgesellschaft f\u00fcr das Stra\u00dfen- und Verkehrswesen (bis 1997).<\/li>\n\n\n\n<li>1994 Mit der Bauverwaltung Erfurt Goldmedaille im Bundeswettbewerb \u201eErhaltung historischer Stadtr\u00e4ume\u201c.<\/li>\n\n\n\n<li>1995 \u2013 2001&nbsp; Gesch\u00e4ftsf\u00fchrer in den Stadtwerken Erfurt, Gesch\u00e4ftsbereich Parkraumwirtschaft. (Tiefgaragen \u201eDomplatz\u201c, \u201eHanseplatz\u201c, \u201eHauptbahnhof\u201c).<\/li>\n\n\n\n<li>1994 \u2013 2008&nbsp; Vorstandsmitglied der Ingenieurkammer Th\u00fcringen, drei Wahlperioden. Gesch\u00e4ftsbereich \u00d6ffentlichkeitsarbeit, \u201eGro\u00dfer Th\u00fcringer Ingenieurpreis\u201c (zuletzt Staatspreis), \u201eTag des offenen Ingenieurb\u00fcros\u201c.<\/li>\n\n\n\n<li>1997 Stadtf\u00fchrer \u201eErfurt zu Fu\u00df\u201c, 1.Auflage;&nbsp; &nbsp; 7.Auflage 2018 (bisher 19 000 Expl.).<\/li>\n\n\n\n<li>1997 Berufung zum Honorarprofessor an der TU Dresden, Fakult\u00e4t f. Verkehrswesen \u201eFriedrich List\u201c, Lehrstuhl Prof.Axel Ahrens, Lehrgebiete Parkraumwirtschaft &nbsp;und &nbsp;Stra\u00dfenraumgestaltung.<\/li>\n\n\n\n<li>1998 Stadtf\u00fchrer \u201eWeimar zu Fu\u00df\u201c, 1.Auflage.<\/li>\n\n\n\n<li>2001 Pensionierung.<\/li>\n\n\n\n<li>2002 Mitglied im Ortskuratorium Erfurt der Deutschen Stiftung Denkmalschutz<\/li>\n\n\n\n<li>2003 Stadtf\u00fchrer \u201eErfurt for you\u201c, 1.Auflage.<\/li>\n\n\n\n<li>2004 Ende der Lehrt\u00e4tigkeit an der TU Dresden.<\/li>\n\n\n\n<li>2005 Goldene Ehrennadel der Ingenieurkammer Th\u00fcringen.<\/li>\n\n\n\n<li>2007 Erstes Ehrenmitglied des Kinder- und Jugendtheaters \u201eDie Schotte\u201c in Erfurt.<\/li>\n\n\n\n<li>2009 Mitglied und Ehrenmitglied des Vorstands des Tourismusverein Erfurt e.V.<\/li>\n\n\n\n<li>2010 \u201eBundesverdienstkreuz am Bande der Bundesrepublik Deutschland\u201c f\u00fcr das Lebenswerk.<\/li>\n<\/ul>\n\n\n\n<div style=\"height:100px\" aria-hidden=\"true\" class=\"wp-block-spacer\"><\/div>\n\n\n\n<h2 class=\"wp-block-heading\">Buchver\u00f6ffentlichungen<\/h2>\n\n\n\n<div class=\"wp-block-columns is-layout-flex wp-container-core-columns-is-layout-28f84493 wp-block-columns-is-layout-flex\">\n<div class=\"wp-block-column is-layout-flow wp-block-column-is-layout-flow\" style=\"flex-basis:85%\">\n<ul class=\"wp-block-list\">\n<li>Saitz, H.H.; \u201eStadt und Verkehr\u201c, Berlin 1979, Transpressverlag; 265 Seiten;<br>Auflagenh\u00f6he 9 850 Stck.; Marktauftritt 10.4.1979; Vergriffen: 30.6.1980<\/li>\n\n\n\n<li>Saitz, H.H.; \u201eDer Verkehr der gro\u00dfen St\u00e4dte\u201c, Berlin 1983, Transpressverlag;<br>296 Seiten; Auflagenh\u00f6he 9 832 Stck.; Marktauftritt 13.9.1983;<br>Vergriffen: 31.3.1984<\/li>\n\n\n\n<li>Saitz, H.H.; \u201eTunnel der Welt \u2013Welt der Tunnel\u201c, Berlin 1988, Transpressverlag;<br>312 Seiten; Auflagenh\u00f6he 13 349 Stck.; Marktauftritt 5.10.1988;<br>Vergriffen: 31.9.1989<\/li>\n\n\n\n<li>Schleife, H.W., Saitz, H.H. und Andere; \u201eLexikon \u2013 Metros der Welt\u201c, Transpressverlag;<br>378 Seiten.1.Auflage Berlin 1988,<br>2.Auflage Stuttgart 1993<br>Anteil: Geschichte, Metros in England, USA, Kanada, Italien, S\u00fcdamerika<\/li>\n\n\n\n<li>Feldhoff,S.,Martin, A.-Ch., Saitz, H.H.: \u201eERFURT\u201c, Erfurt 1995, Verlag Feldhoff+Martin;<br>Anteil: Text<\/li>\n\n\n\n<li>Saitz, H.H.;\u201eMein Erfurt- Als Verkehrs- und Stadtplaner in Erfurt\u201c, Erfurt 2017;<br>Eigenverlag; 188 Seiten; Marktauftritt 1.3.2017<\/li>\n<\/ul>\n<\/div>\n\n\n\n<div class=\"wp-block-column is-layout-flow wp-block-column-is-layout-flow\" style=\"flex-basis:15%\">\n<figure class=\"wp-block-image size-full is-resized\"><img loading=\"lazy\" decoding=\"async\" width=\"158\" height=\"318\" src=\"https:\/\/hermann.saitz.online\/wp-content\/uploads\/2025\/03\/erfurt-zu-fus_9783981292787.webp\" alt=\"\" class=\"wp-image-31\" style=\"width:213px;height:auto\" srcset=\"https:\/\/hermann.saitz.online\/wp-content\/uploads\/2025\/03\/erfurt-zu-fus_9783981292787.webp 158w, https:\/\/hermann.saitz.online\/wp-content\/uploads\/2025\/03\/erfurt-zu-fus_9783981292787-149x300.webp 149w\" sizes=\"auto, (max-width: 158px) 100vw, 158px\" \/><\/figure>\n<\/div>\n<\/div>\n\n\n\n<ul class=\"wp-block-list\">\n<li>Stadtf\u00fchrer<br>Saitz, H.H.; \u201eErfurt zu Fu\u00df\u201c, Erfurt, Verlag Feldhoff+Martin, ab 3.Auflage Eigenverlag<br>1.Auflage, 96 Seiten; Auflagenh\u00f6he 4 585 Stck.; Marktauftritt 27.11.1996<br>2.Auflage, 96 Seiten; Auflagenh\u00f6he 3 500 Stck.; Marktauftritt 9.4.2001<br>3.Auflage, 96 Seiten; Auflagenh\u00f6he 3 000 Stck.; Marktauftritt 1.5.2003<br>4.Auflage, 120 Seiten; Auflagenh\u00f6he 3 000 Stck.; Marktauftritt 4.10.2006<br>5.Auflage, 132 Seiten; Auflagenh\u00f6he 2 500 Stck.; Marktauftritt 1.3.2010<br>6.Auflage, 148 Seiten; Auflagenh\u00f6he 1 500 Stck.; Marktauftritt 1.3.2016<br>7.Auflage, 154 Seiten; Auflagenh\u00f6he 1 500 Stck.; Marktauftritt 1.8.2018<\/li>\n\n\n\n<li>Saitz, H.H.: \u201eWeimar zu Fu\u00df\u201c, K\u00f6ln 1998; Verlag Feldhoff+Martin;<br>96 Seiten<\/li>\n\n\n\n<li>Saitz, H.H., \u201eErfurt for you\u201c, Auflagenh\u00f6he 1 000 Stck.; Marktauftritt 1.5.2003<br>96 Seiten<\/li>\n<\/ul>\n\n\n\n<p><\/p>\n","protected":false},"excerpt":{"rendered":"<p>Lebenslauf Buchver\u00f6ffentlichungen<\/p>\n","protected":false},"author":1,"featured_media":0,"parent":0,"menu_order":0,"comment_status":"closed","ping_status":"closed","template":"page-no-title","meta":{"footnotes":""},"class_list":["post-26","page","type-page","status-publish","hentry"],"_links":{"self":[{"href":"https:\/\/hermann.saitz.online\/index.php\/wp-json\/wp\/v2\/pages\/26","targetHints":{"allow":["GET"]}}],"collection":[{"href":"https:\/\/hermann.saitz.online\/index.php\/wp-json\/wp\/v2\/pages"}],"about":[{"href":"https:\/\/hermann.saitz.online\/index.php\/wp-json\/wp\/v2\/types\/page"}],"author":[{"embeddable":true,"href":"https:\/\/hermann.saitz.online\/index.php\/wp-json\/wp\/v2\/users\/1"}],"replies":[{"embeddable":true,"href":"https:\/\/hermann.saitz.online\/index.php\/wp-json\/wp\/v2\/comments?post=26"}],"version-history":[{"count":4,"href":"https:\/\/hermann.saitz.online\/index.php\/wp-json\/wp\/v2\/pages\/26\/revisions"}],"predecessor-version":[{"id":46,"href":"https:\/\/hermann.saitz.online\/index.php\/wp-json\/wp\/v2\/pages\/26\/revisions\/46"}],"wp:attachment":[{"href":"https:\/\/hermann.saitz.online\/index.php\/wp-json\/wp\/v2\/media?parent=26"}],"curies":[{"name":"wp","href":"https:\/\/api.w.org\/{rel}","templated":true}]}}